{"id":82,"date":"2018-09-17T16:14:24","date_gmt":"2018-09-17T16:14:24","guid":{"rendered":"http:\/\/demo.sharkthemes.com\/chives-pro\/?page_id=2"},"modified":"2020-08-10T17:19:22","modified_gmt":"2020-08-10T15:19:22","slug":"contacts","status":"publish","type":"page","link":"https:\/\/schneider-artiste.com\/index.php\/contacts\/","title":{"rendered":"Contact"},"content":{"rendered":"<p><strong>Domitille et David SCHNEIDER<\/strong><br>Place de l\u2019\u00c9glise | 70100 Auvet-et-la-Chapelotte<br>T\u00e9l. : 06 23 35 15 62<\/p>\n<div class=\"wpforms-container wpforms-container-full\" id=\"wpforms-518\"><form id=\"wpforms-form-518\" class=\"wpforms-validate wpforms-form\" data-formid=\"518\" method=\"post\" enctype=\"multipart\/form-data\" action=\"\/index.php\/wp-json\/wp\/v2\/pages\/82\" data-token=\"0423321f4a31a685ca518acbc55098ac\"><noscript class=\"wpforms-error-noscript\">Veuillez activer JavaScript dans votre navigateur pour remplir ce formulaire.<\/noscript><div class=\"wpforms-field-container\"><div id=\"wpforms-518-field_0-container\" class=\"wpforms-field wpforms-field-name\" data-field-id=\"0\"><label class=\"wpforms-field-label\" for=\"wpforms-518-field_0\">Nom <span class=\"wpforms-required-label\">*<\/span><\/label><div class=\"wpforms-field-row wpforms-field-medium\"><div class=\"wpforms-field-row-block wpforms-first wpforms-one-half\"><input type=\"text\" id=\"wpforms-518-field_0\" class=\"wpforms-field-name-first wpforms-field-required\" name=\"wpforms[fields][0][first]\" required><label for=\"wpforms-518-field_0\" class=\"wpforms-field-sublabel after \">Pr\u00e9nom<\/label><\/div><div class=\"wpforms-field-row-block wpforms-one-half\"><input type=\"text\" id=\"wpforms-518-field_0-last\" class=\"wpforms-field-name-last wpforms-field-required\" name=\"wpforms[fields][0][last]\" required><label for=\"wpforms-518-field_0-last\" class=\"wpforms-field-sublabel after \">Nom<\/label><\/div><\/div><\/div><div id=\"wpforms-518-field_1-container\" class=\"wpforms-field wpforms-field-email\" data-field-id=\"1\"><label class=\"wpforms-field-label\" for=\"wpforms-518-field_1\">Mail <span class=\"wpforms-required-label\">*<\/span><\/label><input type=\"email\" id=\"wpforms-518-field_1\" class=\"wpforms-field-medium wpforms-field-required\" name=\"wpforms[fields][1]\" spellcheck=\"false\" required><\/div><div id=\"wpforms-518-field_2-container\" class=\"wpforms-field wpforms-field-textarea\" data-field-id=\"2\"><label class=\"wpforms-field-label\" for=\"wpforms-518-field_2\">Votre message <span class=\"wpforms-required-label\">*<\/span><\/label><textarea id=\"wpforms-518-field_2\" class=\"wpforms-field-medium wpforms-field-required\" name=\"wpforms[fields][2]\" required><\/textarea><\/div><\/div><!-- .wpforms-field-container --><div class=\"wpforms-field wpforms-field-hp\"><label for=\"wpforms-518-field-hp\" class=\"wpforms-field-label\">Name<\/label><input type=\"text\" name=\"wpforms[hp]\" id=\"wpforms-518-field-hp\" class=\"wpforms-field-medium\"><\/div><div class=\"wpforms-submit-container\" ><input type=\"hidden\" name=\"wpforms[id]\" value=\"518\"><input type=\"hidden\" name=\"wpforms[author]\" value=\"1\"><button type=\"submit\" name=\"wpforms[submit]\" id=\"wpforms-submit-518\" class=\"wpforms-submit\" data-alt-text=\"Sending...\" data-submit-text=\"Envoyer\" aria-live=\"assertive\" value=\"wpforms-submit\">Envoyer<\/button><\/div><\/form><\/div>  <!-- .wpforms-container -->\n\n\n<div style=\"height:100px\" aria-hidden=\"true\" class=\"wp-block-spacer\"><\/div>\n\n\n\n<p><strong>PLAN D&rsquo;ACC\u00c8S : AUVET-ET-LA-CHAPELOTTE<\/strong><\/p>\n\n\n\n<p><strong>Cordonn\u00e9es GPS : <\/strong> <br><strong>Latitude :<\/strong> 47.509 | <strong>Longitude :<\/strong> 5.51601 <\/p>\n\n\n\n<p><\/p>\n\n\n\n<figure class=\"wp-block-image\"><img loading=\"lazy\" decoding=\"async\" width=\"700\" height=\"408\" src=\"http:\/\/schneider-artiste.com\/wp-content\/uploads\/2019\/03\/Plan-acces-Auvet-OK_700px.jpg\" alt=\"\" class=\"wp-image-609\" srcset=\"https:\/\/schneider-artiste.com\/wp-content\/uploads\/2019\/03\/Plan-acces-Auvet-OK_700px.jpg 700w, https:\/\/schneider-artiste.com\/wp-content\/uploads\/2019\/03\/Plan-acces-Auvet-OK_700px-300x175.jpg 300w\" sizes=\"(max-width: 700px) 100vw, 700px\" \/><\/figure>\n\n\n\n<div style=\"height:100px\" aria-hidden=\"true\" class=\"wp-block-spacer\"><\/div>\n\n\n\n<p><strong>PLAN D&rsquo;ACC\u00c8S : MARCILLY-SUR-TILLE<\/strong><\/p>\n\n\n\n<p><strong>Coordonn\u00e9es GPS : <\/strong><br> <strong>Latitude :<\/strong> 47.5252 | <strong>Longitude :<\/strong> 5.13257 <\/p>\n\n\n\n<p><\/p>\n\n\n\n<figure class=\"wp-block-image is-resized\"><img decoding=\"async\" src=\"http:\/\/schneider-artiste.com\/wp-content\/uploads\/2019\/02\/Plan-acces-Marcilly.jpg\" alt=\"\" class=\"wp-image-522\" width=\"700\" srcset=\"https:\/\/schneider-artiste.com\/wp-content\/uploads\/2019\/02\/Plan-acces-Marcilly.jpg 1290w, https:\/\/schneider-artiste.com\/wp-content\/uploads\/2019\/02\/Plan-acces-Marcilly-300x210.jpg 300w, https:\/\/schneider-artiste.com\/wp-content\/uploads\/2019\/02\/Plan-acces-Marcilly-768x536.jpg 768w, https:\/\/schneider-artiste.com\/wp-content\/uploads\/2019\/02\/Plan-acces-Marcilly-1024x715.jpg 1024w\" sizes=\"(max-width: 1290px) 100vw, 1290px\" \/><\/figure>\n\n\n\n<div style=\"height:100px\" aria-hidden=\"true\" class=\"wp-block-spacer\"><\/div>\n\n\n\n<hr class=\"wp-block-separator\"\/>\n\n\n\n<p style=\"text-align:center\">Conception et cr\u00e9ation graphique du site internet : <a rel=\"noreferrer noopener\" aria-label=\"Matagada (s\u2019ouvre dans un nouvel onglet)\" href=\"http:\/\/www.matagada.art\/\" target=\"_blank\"><strong>Matagada<\/strong><\/a><\/p>\n","protected":false},"excerpt":{"rendered":"<p>Domitille et David SCHNEIDERPlace de l\u2019\u00c9glise | 70100 Auvet-et-la-ChapelotteT\u00e9l. : 06 23 35 15 62 PLAN D&rsquo;ACC\u00c8S : AUVET-ET-LA-CHAPELOTTE Cordonn\u00e9es GPS : Latitude : 47.509 [&hellip;]<\/p>\n","protected":false},"author":1,"featured_media":0,"parent":0,"menu_order":0,"comment_status":"closed","ping_status":"closed","template":"","meta":{"footnotes":""},"_links":{"self":[{"href":"https:\/\/schneider-artiste.com\/index.php\/wp-json\/wp\/v2\/pages\/82"}],"collection":[{"href":"https:\/\/schneider-artiste.com\/index.php\/wp-json\/wp\/v2\/pages"}],"about":[{"href":"https:\/\/schneider-artiste.com\/index.php\/wp-json\/wp\/v2\/types\/page"}],"author":[{"embeddable":true,"href":"https:\/\/schneider-artiste.com\/index.php\/wp-json\/wp\/v2\/users\/1"}],"replies":[{"embeddable":true,"href":"https:\/\/schneider-artiste.com\/index.php\/wp-json\/wp\/v2\/comments?post=82"}],"version-history":[{"count":20,"href":"https:\/\/schneider-artiste.com\/index.php\/wp-json\/wp\/v2\/pages\/82\/revisions"}],"predecessor-version":[{"id":736,"href":"https:\/\/schneider-artiste.com\/index.php\/wp-json\/wp\/v2\/pages\/82\/revisions\/736"}],"wp:attachment":[{"href":"https:\/\/schneider-artiste.com\/index.php\/wp-json\/wp\/v2\/media?parent=82"}],"curies":[{"name":"wp","href":"https:\/\/api.w.org\/{rel}","templated":true}]}}