{"id":64,"date":"2018-09-18T16:57:09","date_gmt":"2018-09-18T14:57:09","guid":{"rendered":"http:\/\/demo.sharkthemes.com\/chives-pro\/?page_id=64"},"modified":"2019-03-05T14:43:07","modified_gmt":"2019-03-05T13:43:07","slug":"creations","status":"publish","type":"page","link":"https:\/\/schneider-artiste.com\/index.php\/creations\/","title":{"rendered":"Cr\u00e9ations"},"content":{"rendered":"<p>Amoureux de la <strong>nature sauvage<\/strong> et des <strong>arts<\/strong>, sensibles aux <strong>all\u00e9gories<\/strong> et aux<strong> symboles<\/strong>, <strong>Domitille et David Schneider<\/strong> \u00e9laborent des \u0153uvres sculpt\u00e9es, peintes ou calligraphi\u00e9es.<\/p>\n<p>Dans la maturit\u00e9 aboutie de leur technique et de leur style, ils s\u2019attachent \u00e0 conjuguer le <strong>respect de la mati\u00e8re<\/strong> avec la <strong>force<\/strong> et la <strong>justesse de la ligne<\/strong>. Ils aiment agencer volumes, couleurs et graphismes, pour exprimer tour \u00e0 tour <strong>puissance <\/strong>archa\u00efque et ancestrale, <strong>harmonie<\/strong> sensuelle et douce, <strong>spiritualit\u00e9<\/strong> active et sereine, dans l\u2019<strong>esprit du <em>Beau<\/em><\/strong>. Dans leurs \u0153uvres, tout est <strong>fluidit\u00e9<\/strong>, <strong>mouvement<\/strong> et <strong>vie<\/strong> !<\/p>\n<p>Ces artistes, qui travaillent <strong>main dans la main<\/strong> depuis vingt-cinq ans, vont au bout de leur d\u00e9marche, ce qui fait l\u2019<strong>authenticit\u00e9<\/strong> et la <strong>coh\u00e9rence<\/strong> de leur travail.<\/p>\n<p><strong>D\u00e9couvrez leurs cr\u00e9ations :<\/strong><\/p>\n<p><a href=\"http:\/\/schneider-artiste.com\/index.php\/galerie-sculpture\/\"><img loading=\"lazy\" decoding=\"async\" class=\"alignnone size-full wp-image-579 alignleft\" src=\"http:\/\/schneider-artiste.com\/wp-content\/uploads\/2019\/03\/bouton_Schneider-Artiste_sculpture.png\" alt=\"\" width=\"100\" height=\"100\" \/><\/a><\/p>\n<p>\u00a0<\/p>\n<p><a href=\"http:\/\/schneider-artiste.com\/index.php\/galerie-sculpture\/\"><strong>Sculpture <\/strong><\/a><\/p>\n<p>\u00a0<\/p>\n<p><strong><a href=\"http:\/\/schneider-artiste.com\/index.php\/galerie-peinture\/\"><img loading=\"lazy\" decoding=\"async\" class=\"size-full wp-image-581 alignleft\" src=\"http:\/\/schneider-artiste.com\/wp-content\/uploads\/2019\/03\/Bouton_Schneider-Artiste_peinture.png\" alt=\"\" width=\"100\" height=\"100\" \/><\/a><\/strong><\/p>\n<p>\u00a0<\/p>\n<p><strong><a href=\"http:\/\/schneider-artiste.com\/index.php\/galerie-peinture\/\">Peinture<\/a><\/strong><\/p>\n<p>\u00a0<\/p>\n<p><strong><a href=\"http:\/\/schneider-artiste.com\/index.php\/galerie-calligraphie-enluminure\/\"><img loading=\"lazy\" decoding=\"async\" class=\"size-full wp-image-582 alignleft\" src=\"http:\/\/schneider-artiste.com\/wp-content\/uploads\/2019\/03\/bouton_Schneider-Artiste_calli-2.png\" alt=\"\" width=\"100\" height=\"100\" \/><\/a><\/strong><\/p>\n<p>\u00a0<\/p>\n<p><a href=\"http:\/\/schneider-artiste.com\/index.php\/galerie-calligraphie-enluminure\/\"><strong>Calligraphie &amp; Enluminure<\/strong><\/a><\/p>\n\n\n<div style=\"height:100px\" aria-hidden=\"true\" class=\"wp-block-spacer\"><\/div>\n","protected":false},"excerpt":{"rendered":"<p>Amoureux de la nature sauvage et des arts, sensibles aux all\u00e9gories et aux symboles, Domitille et David Schneider \u00e9laborent des \u0153uvres sculpt\u00e9es, peintes ou calligraphi\u00e9es. [&hellip;]<\/p>\n","protected":false},"author":1,"featured_media":541,"parent":0,"menu_order":0,"comment_status":"closed","ping_status":"closed","template":"","meta":{"footnotes":""},"_links":{"self":[{"href":"https:\/\/schneider-artiste.com\/index.php\/wp-json\/wp\/v2\/pages\/64"}],"collection":[{"href":"https:\/\/schneider-artiste.com\/index.php\/wp-json\/wp\/v2\/pages"}],"about":[{"href":"https:\/\/schneider-artiste.com\/index.php\/wp-json\/wp\/v2\/types\/page"}],"author":[{"embeddable":true,"href":"https:\/\/schneider-artiste.com\/index.php\/wp-json\/wp\/v2\/users\/1"}],"replies":[{"embeddable":true,"href":"https:\/\/schneider-artiste.com\/index.php\/wp-json\/wp\/v2\/comments?post=64"}],"version-history":[{"count":22,"href":"https:\/\/schneider-artiste.com\/index.php\/wp-json\/wp\/v2\/pages\/64\/revisions"}],"predecessor-version":[{"id":595,"href":"https:\/\/schneider-artiste.com\/index.php\/wp-json\/wp\/v2\/pages\/64\/revisions\/595"}],"wp:featuredmedia":[{"embeddable":true,"href":"https:\/\/schneider-artiste.com\/index.php\/wp-json\/wp\/v2\/media\/541"}],"wp:attachment":[{"href":"https:\/\/schneider-artiste.com\/index.php\/wp-json\/wp\/v2\/media?parent=64"}],"curies":[{"name":"wp","href":"https:\/\/api.w.org\/{rel}","templated":true}]}}