{"id":2,"date":"2019-02-07T12:45:26","date_gmt":"2019-02-07T11:45:26","guid":{"rendered":"http:\/\/schneider-artiste.com\/?page_id=2"},"modified":"2024-04-06T13:47:09","modified_gmt":"2024-04-06T11:47:09","slug":"cours-de-calligraphie","status":"publish","type":"page","link":"https:\/\/schneider-artiste.com\/index.php\/cours-de-calligraphie\/","title":{"rendered":"Calligraphie &#038; Enluminure"},"content":{"rendered":"\n<p>Venez apprendre <strong>l&rsquo;art de la belle \u00e9criture<\/strong> ! Dans notre <strong>scriptorium<\/strong>, tous les tr\u00e9sors du <strong>scribe m\u00e9di\u00e9val<\/strong> vous attendent : <strong>encres<\/strong> et <strong>pigments<\/strong>, <strong>pinceaux en poils d\u2019\u00e9cureuil<\/strong>, \u00ab\u00a0<strong>plumes du peintre<\/strong>\u00a0\u00bb ou encore <strong>pierres d\u2019agate<\/strong>, <strong>feuilles d\u2019or<\/strong> et <strong>parchemins<\/strong>. <\/p>\n\n\n\n<hr class=\"wp-block-separator has-css-opacity\"\/>\n\n\n<h6><span style=\"color: #bc9b5d;\">Calligraphie :<\/span><\/h6>\n<p>Pendant nos cours, vous \u00e9tudierez les techniques de trac\u00e9 des <strong>grands alphabets<\/strong> historiques (<strong>celtiques, gothiques, carolingiens<\/strong>&#8230;) :<\/p>\n<ul>\n<li>plumes, calames et autres outils scripteurs,<\/li>\n<li>encres et supports vari\u00e9s,<\/li>\n<li>position, souplesse du geste,<\/li>\n<li>r\u00e9gularit\u00e9, rythme des espacements,<\/li>\n<li>composition, mise en page,<\/li>\n<li>rep\u00e8res dans l\u2019\u00e9volution de l\u2019\u00e9criture d\u2019apr\u00e8s des manuscrits m\u00e9di\u00e9vaux<\/li>\n<\/ul>\n<p>Vous apprendrez \u00e9galement \u00e0 cr\u00e9er des <strong>ornementations<\/strong> (<strong>initiales, marges, frises <\/strong>et<strong> bordures<\/strong>) sur des supports originaux et ludiques, tels que des<strong> codex<\/strong>, des <strong>carnets<\/strong> et des <strong>parchemins<\/strong>.<\/p>\n<\/p>\n<h6><span style=\"color: #bc9b5d;\">Enluminure :<\/span><\/h6>\n<p>Les <strong>enlumineurs<\/strong> peignaient de v\u00e9ritables sc\u00e8nes de vie pour <strong>illustrer les livres anciens<\/strong> : personnages, portraits, paysages, toute la vie de l&rsquo;\u00e9poque avec une foule de d\u00e9tails.<\/p>\n<p>Vous r\u00e9aliserez une<strong> lettre orn\u00e9e<\/strong> sur <strong>parchemin<\/strong> v\u00e9ritable, apprendrez \u00e0 poser la<strong> feuille d\u2019or<\/strong> et \u00e0 vous familiariser avec les structures harmonieuses de l\u2019enluminure. Vous concocterez des <strong>couleurs <\/strong><em><strong>a tempera<\/strong><\/em>, \u00e0 base de <strong>pigments naturels<\/strong>, liants \u00e0 l\u2019<strong>\u0153uf<\/strong> et autres <strong>recettes du Moyen \u00c2ge<\/strong>.<\/p>\n<\/p>\n<p>Le mat\u00e9riel de base est fourni aux d\u00e9butants. Parchemin v\u00e9ritable en sus.<\/p>\n\n\n<div style=\"height:100px\" aria-hidden=\"true\" class=\"wp-block-spacer\"><\/div>\n\n\n\n<div class=\"wp-block-media-text alignwide\" style=\"grid-template-columns:44% auto\"><figure class=\"wp-block-media-text__media\"><img loading=\"lazy\" decoding=\"async\" width=\"700\" height=\"700\" src=\"http:\/\/schneider-artiste.com\/wp-content\/uploads\/2019\/02\/Cours-calligraphie-1.jpg\" alt=\"\" class=\"wp-image-330 size-full\" srcset=\"https:\/\/schneider-artiste.com\/wp-content\/uploads\/2019\/02\/Cours-calligraphie-1.jpg 700w, https:\/\/schneider-artiste.com\/wp-content\/uploads\/2019\/02\/Cours-calligraphie-1-150x150.jpg 150w, https:\/\/schneider-artiste.com\/wp-content\/uploads\/2019\/02\/Cours-calligraphie-1-300x300.jpg 300w, https:\/\/schneider-artiste.com\/wp-content\/uploads\/2019\/02\/Cours-calligraphie-1-600x600.jpg 600w\" sizes=\"(max-width: 700px) 100vw, 700px\" \/><\/figure><div class=\"wp-block-media-text__content\">\n<h4 class=\"wp-block-heading\">Cours de calligraphie :<\/h4>\n\n\n\n<ul>\n<li><strong>Les jeudis\u00a0<\/strong>(sauf vacances et jours f\u00e9ri\u00e9s)<\/li>\n\n\n\n<li><strong>Horaires :<\/strong> de 14h30 \u00e0 16h30<\/li>\n\n\n\n<li><strong>Tarif :<\/strong> 255\u20ac le trimestre<\/li>\n\n\n\n<li><strong>Lieu : <\/strong>Brasserie Des Beaux-Arts, place des Ducs de Bourgogne &#8211; <strong>Dijon<\/strong><\/li>\n<\/ul>\n<\/div><\/div>\n\n\n\n<div style=\"height:100px\" aria-hidden=\"true\" class=\"wp-block-spacer\"><\/div>\n\n\n\n<div class=\"wp-block-media-text alignwide has-media-on-the-right\" style=\"grid-template-columns:auto 44%\"><div class=\"wp-block-media-text__content\">\n<h4 class=\"wp-block-heading\">Stages d&rsquo;\u00e9t\u00e9 (5 jours) &#8211; enluminure :<\/h4>\n\n\n\n<ul>\n<li><strong>Une semaine<\/strong> au mois de <strong>juillet*<\/strong><\/li>\n\n\n\n<li><strong>Une semaine<\/strong> au mois d&rsquo;<strong>ao\u00fbt*\u00a0<\/strong><\/li>\n\n\n\n<li><strong>Horaires :<\/strong> de 9h \u00e0 12h45 (possibilit\u00e9 de travailler seul l\u2019apr\u00e8s-midi)<\/li>\n\n\n\n<li><strong>Tarif :<\/strong> 310\u20ac<\/li>\n\n\n\n<li><strong>Lieu : <\/strong>Place de l\u2019\u00c9glise &#8211; 70100 <strong>Auvet-et-la-Chapelotte<\/strong><\/li>\n\n\n\n<li><strong>H\u00e9bergement :<\/strong> retrouvez les adresses de chambres d&rsquo;h\u00f4tes aux alentours du scriptorium sur le site de l&rsquo;Office du tourisme du Val de Gray en <strong><a aria-label=\"cliquant ici  (s\u2019ouvre dans un nouvel onglet)\" href=\"http:\/\/www.tourisme-valdegray.com\/sejourner\/chambre-dhote\/\" target=\"_blank\" rel=\"noreferrer noopener\">cliquant ici<\/a><\/strong><a aria-label=\"cliquant ici  (s\u2019ouvre dans un nouvel onglet)\" href=\"http:\/\/www.tourisme-valdegray.com\/sejourner\/chambre-dhote\/\" target=\"_blank\" rel=\"noreferrer noopener\"> <\/a> <\/li>\n<\/ul>\n\n\n\n<p class=\"has-text-align-center\"><strong><em>*Pour&nbsp;connaitre&nbsp;les&nbsp;dates&nbsp;des&nbsp;prochains&nbsp;stages<\/em><\/strong> <strong><em>:<\/em><\/strong><\/p>\n\n\n\n<div class=\"wp-block-button aligncenter\"><a class=\"wp-block-button__link wp-element-button\" href=\"http:\/\/schneider-artiste.com\/index.php\/contacts\/\">Contactez-nous<\/a><\/div>\n<\/div><figure class=\"wp-block-media-text__media\"><img loading=\"lazy\" decoding=\"async\" width=\"700\" height=\"700\" src=\"http:\/\/schneider-artiste.com\/wp-content\/uploads\/2019\/02\/Cours-calligraphie-2.jpg\" alt=\"\" class=\"wp-image-335 size-full\" srcset=\"https:\/\/schneider-artiste.com\/wp-content\/uploads\/2019\/02\/Cours-calligraphie-2.jpg 700w, https:\/\/schneider-artiste.com\/wp-content\/uploads\/2019\/02\/Cours-calligraphie-2-150x150.jpg 150w, https:\/\/schneider-artiste.com\/wp-content\/uploads\/2019\/02\/Cours-calligraphie-2-300x300.jpg 300w, https:\/\/schneider-artiste.com\/wp-content\/uploads\/2019\/02\/Cours-calligraphie-2-600x600.jpg 600w\" sizes=\"(max-width: 700px) 100vw, 700px\" \/><\/figure><\/div>\n\n\n\n<div style=\"height:100px\" aria-hidden=\"true\" class=\"wp-block-spacer\"><\/div>\n\n\n\n<hr class=\"wp-block-separator has-css-opacity\"\/>\n\n\n\n<h2 class=\"wp-block-heading\">Interventions<\/h2>\n\n\n\n<p>Nos interventions sont adapt\u00e9es \u00e0 tous les publics en fonction des demandes sp\u00e9cifiques des \u00e9tablissements (scolaires et enseignements sup\u00e9rieurs, biblioth\u00e8ques, mus\u00e9es, archives, &#8230;). <\/p>\n\n\n\n<p>Elles se d\u00e9roulent g\u00e9n\u00e9ralement en trois temps :<\/p>\n\n\n\n<ul>\n<li><strong>Pr\u00e9sentation<\/strong> d\u2019\u0153uvres et d&rsquo;objets : outils, peau de chevreau pr\u00e9par\u00e9e pour le parchemin, calligraphies et enluminures&#8230;<\/li>\n<\/ul>\n\n\n\n<ul>\n<li><strong>Explication<\/strong>s \u00e0 propos de la r\u00e9alisation de manuscrits dans le scriptorium : \u00e9volution du support en papyrus au parchemin, composition des encres, r\u00f4le des moines copistes et des enlumineurs&#8230;<\/li>\n<\/ul>\n\n\n\n<ul>\n<li><strong>Pratique<\/strong> de la calligraphie et de l&rsquo;ornementation<\/li>\n<\/ul>\n\n\n\n<p><br><\/p>\n\n\n\n<h4 class=\"wp-block-heading\"> <br>Exemples d&rsquo;interventions scolaires : <\/h4>\n\n\n\n<div class=\"wp-block-media-text alignwide\" style=\"grid-template-columns:44% auto\"><figure class=\"wp-block-media-text__media\"><img loading=\"lazy\" decoding=\"async\" width=\"700\" height=\"700\" src=\"http:\/\/schneider-artiste.com\/wp-content\/uploads\/2019\/02\/Cours-calligraphie-3.jpg\" alt=\"\" class=\"wp-image-336 size-full\" srcset=\"https:\/\/schneider-artiste.com\/wp-content\/uploads\/2019\/02\/Cours-calligraphie-3.jpg 700w, https:\/\/schneider-artiste.com\/wp-content\/uploads\/2019\/02\/Cours-calligraphie-3-150x150.jpg 150w, https:\/\/schneider-artiste.com\/wp-content\/uploads\/2019\/02\/Cours-calligraphie-3-300x300.jpg 300w, https:\/\/schneider-artiste.com\/wp-content\/uploads\/2019\/02\/Cours-calligraphie-3-600x600.jpg 600w\" sizes=\"(max-width: 700px) 100vw, 700px\" \/><\/figure><div class=\"wp-block-media-text__content\">\n<ul>\n<li><strong>Dijon<\/strong> : coll\u00e8ge des\u00a0Lentill\u00e8res, coll\u00e8ge des Arcades, lyc\u00e9e du Castel (initiation \u00e0 la calligraphie arabe)<\/li>\n\n\n\n<li>Lyc\u00e9e Professionnel Antoine de <strong>Chen\u00f4ve<\/strong>, dans les classes de  2nde Bac Pro (autour de l&rsquo;histoire de la fabrication du livre jusqu&rsquo;\u00e0 l\u2019invention de l\u2019imprimerie) et de 3e (autour d&rsquo;un motif de la mythologie Perse, le Simurgh),<\/li>\n\n\n\n<li>Coll\u00e8ge Champs-Lumi\u00e8re de <strong>Selongey<\/strong>,<\/li>\n\n\n\n<li>Coll\u00e8ge de <strong>Nogent-en-Bassigny<\/strong> (autour des manuscrits m\u00e9di\u00e9vaux), <\/li>\n\n\n\n<li>\u00c9tablissements scolaires \u00e0 <strong>Langres<\/strong> et \u00e0 <strong>Luxeuil-les-Bains<\/strong> (autour de  la\u00a0minuscule dite <em>de\u00a0Luxeuil<\/em>, \u00e9criture \u00ab\u00a0ligatur\u00e9e m\u00e9rovingienne\u00a0\u00bb),<\/li>\n\n\n\n<li>\u00c9coles primaires en <strong>C\u00f4te-d&rsquo;Or<\/strong>, <strong>Haute-Marne<\/strong> et <strong>Haute-Sa\u00f4ne<\/strong><\/li>\n<\/ul>\n<\/div><\/div>\n\n\n\n<p>Nous travaillons r\u00e9guli\u00e8rement en partenariat avec des professeur.e.s  d&rsquo;Histoire autour de l&rsquo;histoire de l&rsquo;\u00e9criture, et des professeurs de  S.V.T. \u00e0 propos de la fabrication des encres et des peintures m\u00e9di\u00e9vales  \u00e0 base de pigments naturels.   <\/p>\n\n\n\n<h4 class=\"wp-block-heading\"> <br>Exemples d&rsquo;interventions dans des \u00e9tablissements publics du Patrimoine : <\/h4>\n\n\n\n<div class=\"wp-block-media-text alignwide has-media-on-the-right\" style=\"grid-template-columns:auto 44%\"><div class=\"wp-block-media-text__content\">\n<ul>\n<li><a href=\"http:\/\/musees.haute-saone.fr\/champlitte\/musee-departemental-darts-et-traditions-populaires\/\"><strong>Mus\u00e9e d\u2019Arts et Traditions Populaires au ch\u00e2teau de Champlitte<\/strong><\/a>, dans le cadre de l&rsquo;exposition <em>Mur et merveilles,<\/em><\/li>\n\n\n\n<li><a href=\"http:\/\/archives.haute-saone.fr\/\"><strong>Archives d\u00e9partementales de Haute-Sa\u00f4ne<\/strong><\/a> \u00e0 Vesoul, pour les Journ\u00e9es Europ\u00e9ennes du Patrimoine,<\/li>\n\n\n\n<li><a href=\"http:\/\/www.haute-saone.fr\/web\/guest;jsessionid=C1D13AB3C227BBF1779FF48C4EEDB0E8\"><strong>D\u00e9partement de Haute-Sa\u00f4ne<\/strong><\/a>, dans le cadre d&rsquo;une formation pour les agents du patrimoine,<\/li>\n\n\n\n<li><a href=\"http:\/\/www.mediatheques-langres.fr\/\"><strong>Biblioth\u00e8que de Langres<\/strong>,\u00a0<\/a>autour de la calligraphie m\u00e9di\u00e9vale et de\u00a0l&rsquo;antiquit\u00e9,<\/li>\n\n\n\n<li><a href=\"http:\/\/mediatheque.ville-st-apollinaire.fr\/opacwebaloes\/index.aspx\"><strong>M\u00e9diath\u00e8que de Saint-Apollinaire<\/strong><\/a> en C\u00f4te-d&rsquo;Or, autour de l&rsquo;art postal et \u00e9pistolaire ainsi que\u00a0sur la calligraphie \u00e0 l&rsquo;\u00e9cole de nos grands-parents,<\/li>\n\n\n\n<li><a href=\"http:\/\/bm-dijon.fr\/default\/mansart.aspx?_lg=fr-FR\"><strong>Biblioth\u00e8que Mansart \u00e0 Dijon<\/strong><\/a>, autour de la calligraphie m\u00e9di\u00e9vale, tib\u00e9taine, s\u00e9mites (h\u00e9bra\u00efque et arabe)<\/li>\n\n\n\n<li>\u00e0 <strong>Mirebeau<\/strong>, <strong>Champagney<\/strong>, <strong>Nogent-en-Bassigny<\/strong>, autour de la calligraphie m\u00e9di\u00e9vale<\/li>\n<\/ul>\n<\/div><figure class=\"wp-block-media-text__media\"><img loading=\"lazy\" decoding=\"async\" width=\"700\" height=\"700\" src=\"http:\/\/schneider-artiste.com\/wp-content\/uploads\/2019\/02\/Cours-calligraphie-4.jpg\" alt=\"\" class=\"wp-image-337 size-full\" srcset=\"https:\/\/schneider-artiste.com\/wp-content\/uploads\/2019\/02\/Cours-calligraphie-4.jpg 700w, https:\/\/schneider-artiste.com\/wp-content\/uploads\/2019\/02\/Cours-calligraphie-4-150x150.jpg 150w, https:\/\/schneider-artiste.com\/wp-content\/uploads\/2019\/02\/Cours-calligraphie-4-300x300.jpg 300w, https:\/\/schneider-artiste.com\/wp-content\/uploads\/2019\/02\/Cours-calligraphie-4-600x600.jpg 600w\" sizes=\"(max-width: 700px) 100vw, 700px\" \/><\/figure><\/div>\n\n\n\n<hr class=\"wp-block-separator has-css-opacity\"\/>\n\n\n\n<p class=\"has-text-align-center\"><strong> Pour toute demande de renseignements ou de devis : <\/strong><\/p>\n\n\n\n<div class=\"wp-block-button aligncenter\"><a class=\"wp-block-button__link wp-element-button\" href=\"http:\/\/schneider-artiste.com\/index.php\/contacts\/\">Contactez-nous<\/a><\/div>\n\n\n\n<div style=\"height:100px\" aria-hidden=\"true\" class=\"wp-block-spacer\"><\/div>\n\n\n\n<figure class=\"wp-block-gallery has-nested-images columns-default is-cropped wp-block-gallery-1 is-layout-flex wp-block-gallery-is-layout-flex\">\n<figure class=\"wp-block-image\"><img loading=\"lazy\" decoding=\"async\" width=\"700\" height=\"700\" data-id=\"338\" src=\"https:\/\/schneider-artiste.com\/wp-content\/uploads\/2019\/02\/Cours-calligraphie-5.jpg\" alt=\"\" class=\"wp-image-338\" srcset=\"https:\/\/schneider-artiste.com\/wp-content\/uploads\/2019\/02\/Cours-calligraphie-5.jpg 700w, https:\/\/schneider-artiste.com\/wp-content\/uploads\/2019\/02\/Cours-calligraphie-5-150x150.jpg 150w, https:\/\/schneider-artiste.com\/wp-content\/uploads\/2019\/02\/Cours-calligraphie-5-300x300.jpg 300w, https:\/\/schneider-artiste.com\/wp-content\/uploads\/2019\/02\/Cours-calligraphie-5-600x600.jpg 600w\" sizes=\"(max-width: 700px) 100vw, 700px\" \/><\/figure>\n\n\n\n<figure class=\"wp-block-image\"><img loading=\"lazy\" decoding=\"async\" width=\"700\" height=\"700\" data-id=\"339\" src=\"https:\/\/schneider-artiste.com\/wp-content\/uploads\/2019\/02\/Cours-calligraphie-6.jpg\" alt=\"\" class=\"wp-image-339\" srcset=\"https:\/\/schneider-artiste.com\/wp-content\/uploads\/2019\/02\/Cours-calligraphie-6.jpg 700w, https:\/\/schneider-artiste.com\/wp-content\/uploads\/2019\/02\/Cours-calligraphie-6-150x150.jpg 150w, https:\/\/schneider-artiste.com\/wp-content\/uploads\/2019\/02\/Cours-calligraphie-6-300x300.jpg 300w, https:\/\/schneider-artiste.com\/wp-content\/uploads\/2019\/02\/Cours-calligraphie-6-600x600.jpg 600w\" sizes=\"(max-width: 700px) 100vw, 700px\" \/><\/figure>\n\n\n\n<figure class=\"wp-block-image\"><img loading=\"lazy\" decoding=\"async\" width=\"700\" height=\"700\" data-id=\"340\" src=\"https:\/\/schneider-artiste.com\/wp-content\/uploads\/2019\/02\/Cours-calligraphie-8.jpg\" alt=\"\" class=\"wp-image-340\" srcset=\"https:\/\/schneider-artiste.com\/wp-content\/uploads\/2019\/02\/Cours-calligraphie-8.jpg 700w, https:\/\/schneider-artiste.com\/wp-content\/uploads\/2019\/02\/Cours-calligraphie-8-150x150.jpg 150w, https:\/\/schneider-artiste.com\/wp-content\/uploads\/2019\/02\/Cours-calligraphie-8-300x300.jpg 300w, https:\/\/schneider-artiste.com\/wp-content\/uploads\/2019\/02\/Cours-calligraphie-8-600x600.jpg 600w\" sizes=\"(max-width: 700px) 100vw, 700px\" \/><\/figure>\n<\/figure>\n","protected":false},"excerpt":{"rendered":"<p>Venez apprendre l&rsquo;art de la belle \u00e9criture ! Dans notre scriptorium, tous les tr\u00e9sors du scribe m\u00e9di\u00e9val vous attendent : encres et pigments, pinceaux en [&hellip;]<\/p>\n","protected":false},"author":1,"featured_media":139,"parent":0,"menu_order":0,"comment_status":"closed","ping_status":"open","template":"","meta":{"footnotes":""},"_links":{"self":[{"href":"https:\/\/schneider-artiste.com\/index.php\/wp-json\/wp\/v2\/pages\/2"}],"collection":[{"href":"https:\/\/schneider-artiste.com\/index.php\/wp-json\/wp\/v2\/pages"}],"about":[{"href":"https:\/\/schneider-artiste.com\/index.php\/wp-json\/wp\/v2\/types\/page"}],"author":[{"embeddable":true,"href":"https:\/\/schneider-artiste.com\/index.php\/wp-json\/wp\/v2\/users\/1"}],"replies":[{"embeddable":true,"href":"https:\/\/schneider-artiste.com\/index.php\/wp-json\/wp\/v2\/comments?post=2"}],"version-history":[{"count":41,"href":"https:\/\/schneider-artiste.com\/index.php\/wp-json\/wp\/v2\/pages\/2\/revisions"}],"predecessor-version":[{"id":741,"href":"https:\/\/schneider-artiste.com\/index.php\/wp-json\/wp\/v2\/pages\/2\/revisions\/741"}],"wp:featuredmedia":[{"embeddable":true,"href":"https:\/\/schneider-artiste.com\/index.php\/wp-json\/wp\/v2\/media\/139"}],"wp:attachment":[{"href":"https:\/\/schneider-artiste.com\/index.php\/wp-json\/wp\/v2\/media?parent=2"}],"curies":[{"name":"wp","href":"https:\/\/api.w.org\/{rel}","templated":true}]}}