{"id":17,"date":"2018-09-17T16:42:37","date_gmt":"2018-09-17T16:42:37","guid":{"rendered":"http:\/\/demo.sharkthemes.com\/chives-pro\/?page_id=17"},"modified":"2019-08-18T10:58:43","modified_gmt":"2019-08-18T08:58:43","slug":"cours-de-peinture","status":"publish","type":"page","link":"https:\/\/schneider-artiste.com\/index.php\/cours-de-peinture\/","title":{"rendered":"Peinture"},"content":{"rendered":"<p>D\u00e9couvrez les <strong>diff\u00e9rentes techniques<\/strong> (aquarelle, fusain, acrylique, huile, pastel et dessin) qui vous permettront d&rsquo;entrer dans le monde de l&rsquo;<strong>expression <\/strong>et de la <strong>cr\u00e9ation<\/strong> :<\/p>\n<ul>\n<li>paysage, portrait et anatomie, nature morte,<\/li>\n<li>composition, effets de volumes, perspective,<\/li>\n<li>ombres et lumi\u00e8res, couleurs et valeurs,<\/li>\n<li>outils du dessinateur et du peintre,<\/li>\n<li>mariage des pigments color\u00e9s et des liants<\/li>\n<\/ul>\n<p>Quelque soit votre <strong>niveau<\/strong>, David Schneider pourra suivre votre <strong>progression<\/strong> de fa\u00e7on <strong>individualis\u00e9e<\/strong>&nbsp;dans une <strong>ambiance simple<\/strong> et <strong>conviviale<\/strong>.<\/p>\n<p>Vous pourrez profiter de l&rsquo;<strong>atelier<\/strong> du peintre, mais aussi peindre dans la <strong>nature<\/strong> sur le \u00ab\u00a0motif\u00a0\u00bb si le temps le permet.&nbsp;<\/p>\n<p>Si vous venez toute l&rsquo;ann\u00e9e, participez aux <strong>sorties<\/strong> organis\u00e9es vers de <strong>grandes expositions<\/strong> nationales et r\u00e9gionales.<\/p>\n<p>Enfin, \u00e0 l&rsquo;occasion de notre <strong>exposition annuelle<\/strong>, partagez avec le public vos \u0153uvres r\u00e9alis\u00e9es autour d&rsquo;un th\u00e8me commun.<\/p>\n\n\n<div style=\"height:100px\" aria-hidden=\"true\" class=\"wp-block-spacer\"><\/div>\n\n\n\n<div class=\"wp-block-media-text alignwide\" style=\"grid-template-columns:44% auto\"><figure class=\"wp-block-media-text__media\"><img loading=\"lazy\" decoding=\"async\" width=\"700\" height=\"700\" src=\"http:\/\/schneider-artiste.com\/wp-content\/uploads\/2019\/02\/Cours-peinture-1-2.jpg\" alt=\"\" class=\"wp-image-276\" srcset=\"https:\/\/schneider-artiste.com\/wp-content\/uploads\/2019\/02\/Cours-peinture-1-2.jpg 700w, https:\/\/schneider-artiste.com\/wp-content\/uploads\/2019\/02\/Cours-peinture-1-2-150x150.jpg 150w, https:\/\/schneider-artiste.com\/wp-content\/uploads\/2019\/02\/Cours-peinture-1-2-300x300.jpg 300w, https:\/\/schneider-artiste.com\/wp-content\/uploads\/2019\/02\/Cours-peinture-1-2-600x600.jpg 600w\" sizes=\"(max-width: 700px) 100vw, 700px\" \/><\/figure><div class=\"wp-block-media-text__content\">\n<h4 class=\"wp-block-heading\">Cours pour enfants et adolescents 7-15 ans<\/h4>\n\n\n\n<ul><li><strong>Lundi :<\/strong> 18h30 \u00e0 20h  <\/li><li><strong>Samedi : <\/strong>9h30 \u00e0 midi  <\/li><li><strong>Tarif :<\/strong> 65\u20ac le trimestre<\/li><li><strong>Lieu : <\/strong>2 rue de la Craa &#8211; 21260 <strong>Selongey <\/strong><\/li><\/ul>\n\n\n\n<h4 class=\"wp-block-heading\">Cours pour adultes<\/h4>\n\n\n\n<ul><li><strong>Lundi :<\/strong> &nbsp;19h \u00e0 21h30&nbsp;  <\/li><li><strong>Mardi :<\/strong> &nbsp;14h \u00e0 16h30  <\/li><li><strong>Samedi :<\/strong> 9h30 \u00e0 midi  <\/li><li><strong>Tarif :<\/strong> 95\u20ac le trimestre<\/li><li><strong>Lieu : <\/strong>2 rue de la Craa &#8211; 21260 <strong>Selongey <\/strong> <\/li><\/ul>\n<\/div><\/div>\n\n\n\n<div style=\"height:100px\" aria-hidden=\"true\" class=\"wp-block-spacer\"><\/div>\n\n\n\n<div class=\"wp-block-media-text alignwide has-media-on-the-right\" style=\"grid-template-columns:auto 44%\"><figure class=\"wp-block-media-text__media\"><img loading=\"lazy\" decoding=\"async\" width=\"900\" height=\"900\" src=\"http:\/\/schneider-artiste.com\/wp-content\/uploads\/2019\/08\/Cours-peinture-2-2.jpg\" alt=\"\" class=\"wp-image-715\" srcset=\"https:\/\/schneider-artiste.com\/wp-content\/uploads\/2019\/08\/Cours-peinture-2-2.jpg 900w, https:\/\/schneider-artiste.com\/wp-content\/uploads\/2019\/08\/Cours-peinture-2-2-150x150.jpg 150w, https:\/\/schneider-artiste.com\/wp-content\/uploads\/2019\/08\/Cours-peinture-2-2-300x300.jpg 300w, https:\/\/schneider-artiste.com\/wp-content\/uploads\/2019\/08\/Cours-peinture-2-2-768x768.jpg 768w, https:\/\/schneider-artiste.com\/wp-content\/uploads\/2019\/08\/Cours-peinture-2-2-600x600.jpg 600w\" sizes=\"(max-width: 900px) 100vw, 900px\" \/><\/figure><div class=\"wp-block-media-text__content\">\n<h4 class=\"wp-block-heading\">Stages d&rsquo;\u00e9t\u00e9 (3 jours) :<\/h4>\n\n\n\n<ul><li><strong>Une semaine<\/strong> au mois de <strong>juillet*<\/strong><\/li><li><strong>Horaires :<\/strong> de 9h \u00e0 12h et de 14h \u00e0 17h30<\/li><li><strong>Tarif :<\/strong> 250\u20ac <\/li><li><strong>Repas :<\/strong> en commun &#8211; apporter sal\u00e9 ou sucr\u00e9 &#8211; boissons fournies<\/li><li><strong>Lieu : <\/strong>Place de l\u2019\u00c9glise \u2013 70100 <strong>Auvet-et-la-Chapelotte<\/strong> <\/li><li><strong>H\u00e9bergement :<\/strong> retrouvez les adresses de chambres d&rsquo;h\u00f4tes aux alentours de l&rsquo;atelier sur le site de l&rsquo;Office du tourisme du Val de Gray en <strong><a rel=\"noreferrer noopener\" href=\"http:\/\/www.tourisme-valdegray.com\/sejourner\/chambre-dhote\/\" target=\"_blank\">cliquant ici<\/a><\/strong>  <\/li><\/ul>\n\n\n\n<p>Le mat\u00e9riel n\u2019est pas fourni. Se renseigner pour le choix des fournitures selon la technique choisie. <\/p>\n\n\n\n<p style=\"text-align:center\"><strong><em>*Pour&nbsp;connaitre&nbsp;les&nbsp;dates&nbsp;des&nbsp;prochains&nbsp;stages<\/em><\/strong> <strong><em>:<\/em><\/strong><\/p>\n\n\n\n<div class=\"wp-block-button aligncenter\"><a class=\"wp-block-button__link\" href=\"http:\/\/schneider-artiste.com\/index.php\/contacts\/\">Contactez-nous<\/a><\/div>\n<\/div><\/div>\n\n\n\n<div style=\"height:100px\" aria-hidden=\"true\" class=\"wp-block-spacer\"><\/div>\n\n\n\n<ul class=\"wp-block-gallery columns-3 is-cropped wp-block-gallery-1 is-layout-flex wp-block-gallery-is-layout-flex\"><li class=\"blocks-gallery-item\"><figure><img loading=\"lazy\" decoding=\"async\" width=\"700\" height=\"700\" src=\"http:\/\/schneider-artiste.com\/wp-content\/uploads\/2019\/02\/Cours-peinture-8-2-2.jpg\" alt=\"\" data-id=\"312\" data-link=\"http:\/\/schneider-artiste.com\/index.php\/cours-de-peinture\/cours-peinture-8-2-3\/\" class=\"wp-image-312\" srcset=\"https:\/\/schneider-artiste.com\/wp-content\/uploads\/2019\/02\/Cours-peinture-8-2-2.jpg 700w, https:\/\/schneider-artiste.com\/wp-content\/uploads\/2019\/02\/Cours-peinture-8-2-2-150x150.jpg 150w, https:\/\/schneider-artiste.com\/wp-content\/uploads\/2019\/02\/Cours-peinture-8-2-2-300x300.jpg 300w, https:\/\/schneider-artiste.com\/wp-content\/uploads\/2019\/02\/Cours-peinture-8-2-2-600x600.jpg 600w\" sizes=\"(max-width: 700px) 100vw, 700px\" \/><\/figure><\/li><li class=\"blocks-gallery-item\"><figure><img loading=\"lazy\" decoding=\"async\" width=\"700\" height=\"700\" src=\"http:\/\/schneider-artiste.com\/wp-content\/uploads\/2019\/02\/Cours-peinture-6-2-2.jpg\" alt=\"\" data-id=\"314\" data-link=\"http:\/\/schneider-artiste.com\/index.php\/cours-de-peinture\/cours-peinture-6-2-3\/\" class=\"wp-image-314\" srcset=\"https:\/\/schneider-artiste.com\/wp-content\/uploads\/2019\/02\/Cours-peinture-6-2-2.jpg 700w, https:\/\/schneider-artiste.com\/wp-content\/uploads\/2019\/02\/Cours-peinture-6-2-2-150x150.jpg 150w, https:\/\/schneider-artiste.com\/wp-content\/uploads\/2019\/02\/Cours-peinture-6-2-2-300x300.jpg 300w, https:\/\/schneider-artiste.com\/wp-content\/uploads\/2019\/02\/Cours-peinture-6-2-2-600x600.jpg 600w\" sizes=\"(max-width: 700px) 100vw, 700px\" \/><\/figure><\/li><li class=\"blocks-gallery-item\"><figure><img loading=\"lazy\" decoding=\"async\" width=\"700\" height=\"700\" src=\"http:\/\/schneider-artiste.com\/wp-content\/uploads\/2019\/02\/Cours-peinture-5-2-2.jpg\" alt=\"\" data-id=\"313\" data-link=\"http:\/\/schneider-artiste.com\/index.php\/cours-de-peinture\/cours-peinture-5-2-3\/\" class=\"wp-image-313\" srcset=\"https:\/\/schneider-artiste.com\/wp-content\/uploads\/2019\/02\/Cours-peinture-5-2-2.jpg 700w, https:\/\/schneider-artiste.com\/wp-content\/uploads\/2019\/02\/Cours-peinture-5-2-2-150x150.jpg 150w, https:\/\/schneider-artiste.com\/wp-content\/uploads\/2019\/02\/Cours-peinture-5-2-2-300x300.jpg 300w, https:\/\/schneider-artiste.com\/wp-content\/uploads\/2019\/02\/Cours-peinture-5-2-2-600x600.jpg 600w\" sizes=\"(max-width: 700px) 100vw, 700px\" \/><\/figure><\/li><\/ul>\n","protected":false},"excerpt":{"rendered":"<p>D\u00e9couvrez les diff\u00e9rentes techniques (aquarelle, fusain, acrylique, huile, pastel et dessin) qui vous permettront d&rsquo;entrer dans le monde de l&rsquo;expression et de la cr\u00e9ation : [&hellip;]<\/p>\n","protected":false},"author":1,"featured_media":136,"parent":0,"menu_order":0,"comment_status":"closed","ping_status":"closed","template":"","meta":{"footnotes":""},"_links":{"self":[{"href":"https:\/\/schneider-artiste.com\/index.php\/wp-json\/wp\/v2\/pages\/17"}],"collection":[{"href":"https:\/\/schneider-artiste.com\/index.php\/wp-json\/wp\/v2\/pages"}],"about":[{"href":"https:\/\/schneider-artiste.com\/index.php\/wp-json\/wp\/v2\/types\/page"}],"author":[{"embeddable":true,"href":"https:\/\/schneider-artiste.com\/index.php\/wp-json\/wp\/v2\/users\/1"}],"replies":[{"embeddable":true,"href":"https:\/\/schneider-artiste.com\/index.php\/wp-json\/wp\/v2\/comments?post=17"}],"version-history":[{"count":18,"href":"https:\/\/schneider-artiste.com\/index.php\/wp-json\/wp\/v2\/pages\/17\/revisions"}],"predecessor-version":[{"id":716,"href":"https:\/\/schneider-artiste.com\/index.php\/wp-json\/wp\/v2\/pages\/17\/revisions\/716"}],"wp:featuredmedia":[{"embeddable":true,"href":"https:\/\/schneider-artiste.com\/index.php\/wp-json\/wp\/v2\/media\/136"}],"wp:attachment":[{"href":"https:\/\/schneider-artiste.com\/index.php\/wp-json\/wp\/v2\/media?parent=17"}],"curies":[{"name":"wp","href":"https:\/\/api.w.org\/{rel}","templated":true}]}}