{"id":119,"date":"2018-09-17T18:02:00","date_gmt":"2018-09-17T16:02:00","guid":{"rendered":"http:\/\/demo.sharkthemes.com\/chives-pro\/?page_id=25"},"modified":"2019-03-05T14:36:28","modified_gmt":"2019-03-05T13:36:28","slug":"cours-et-stages","status":"publish","type":"page","link":"https:\/\/schneider-artiste.com\/index.php\/cours-et-stages\/","title":{"rendered":"Cours et stages"},"content":{"rendered":"<div>Nous vous proposons des <strong>cours<\/strong> <strong>d&rsquo;arts plastiques<\/strong> et des <strong>stages<\/strong> pour <strong>enfants<\/strong>, <strong>adolescents<\/strong> et <strong>adultes<\/strong>, <strong>d\u00e9butants<\/strong> ou <strong>confirm\u00e9s <\/strong>:<\/div>\n<p style=\"text-align: left;\"><a href=\"http:\/\/schneider-artiste.com\/index.php\/cours-de-sculpture\/\"><img loading=\"lazy\" decoding=\"async\" class=\"alignnone size-full wp-image-579 alignleft\" src=\"http:\/\/schneider-artiste.com\/wp-content\/uploads\/2019\/03\/bouton_Schneider-Artiste_sculpture.png\" alt=\"\" width=\"100\" height=\"100\" \/><\/a><\/p>\n<p>\u00a0<\/p>\n<p style=\"text-align: left;\"><a href=\"http:\/\/schneider-artiste.com\/index.php\/cours-de-sculpture\/\"><strong>Sculpture <\/strong><\/a>sur <strong>bois<\/strong> et <strong>pierre<\/strong>, <strong>modelage <\/strong>sur <strong>argile<\/strong><\/p>\n<p>\u00a0<\/p>\n<p style=\"text-align: left;\"><strong><a href=\"http:\/\/schneider-artiste.com\/index.php\/cours-de-peinture\/\"><img loading=\"lazy\" decoding=\"async\" class=\"size-full wp-image-581 alignleft\" src=\"http:\/\/schneider-artiste.com\/wp-content\/uploads\/2019\/03\/Bouton_Schneider-Artiste_peinture.png\" alt=\"\" width=\"100\" height=\"100\" \/><\/a><\/strong><\/p>\n<p>\u00a0<\/p>\n<p style=\"text-align: left;\"><strong><a href=\"http:\/\/schneider-artiste.com\/index.php\/cours-de-peinture\/\">Peinture<\/a><\/strong>,\u00a0<strong>aquarelle<\/strong>,<strong> fusain<\/strong>,<strong> acrylique<\/strong>,<strong> huile<\/strong>,<strong> pastel et dessin<\/strong><\/p>\n<p>\u00a0<\/p>\n<p style=\"text-align: left;\"><strong><a href=\"http:\/\/schneider-artiste.com\/index.php\/cours-de-calligraphie\/\"><img loading=\"lazy\" decoding=\"async\" class=\"size-full wp-image-582 alignleft\" src=\"http:\/\/schneider-artiste.com\/wp-content\/uploads\/2019\/03\/bouton_Schneider-Artiste_calli-2.png\" alt=\"\" width=\"100\" height=\"100\" \/><\/a><\/strong><\/p>\n<p>\u00a0<\/p>\n<p style=\"text-align: left;\"><a href=\"http:\/\/schneider-artiste.com\/index.php\/cours-de-peinture\/\"><strong>Calligraphie, enluminure<\/strong><\/a>, <strong>lettres orn\u00e9es<\/strong><\/p>\n<div><strong>\u00a0<\/strong><\/div>\n<div>\u00a0<\/div>\n<div>En travaillant en parall\u00e8le\u00a0la<strong> cr\u00e9ativit\u00e9<\/strong>,\u00a0l&rsquo;<strong>histoire de l&rsquo;art<\/strong> et l&rsquo;<strong>art graphique<\/strong>, nous vous aidons \u00e0 d\u00e9velopper \u00e0 la fois <strong>votre sensibilit\u00e9<\/strong> et <strong>votre technique<\/strong>.<\/div>\n<div>\u00a0<\/div>\n<div>Nous vous faisons d\u00e9couvrir les <strong>beaux-arts<\/strong> dans une <strong>ambiance d\u00e9tendue <\/strong>et <strong>conviviale <\/strong>depuis <strong>plus de 25 ans<\/strong>, au sein de nos ateliers situ\u00e9s <strong>pr\u00e8s de Dijon et<\/strong><strong>\u00a0de Gray<\/strong>.<\/div>\n\n\n<div style=\"height:100px\" aria-hidden=\"true\" class=\"wp-block-spacer\"><\/div>\n","protected":false},"excerpt":{"rendered":"<p>Nous vous proposons des cours d&rsquo;arts plastiques et des stages pour enfants, adolescents et adultes, d\u00e9butants ou confirm\u00e9s : \u00a0 Sculpture sur bois et pierre, [&hellip;]<\/p>\n","protected":false},"author":1,"featured_media":233,"parent":0,"menu_order":0,"comment_status":"closed","ping_status":"closed","template":"","meta":{"footnotes":""},"_links":{"self":[{"href":"https:\/\/schneider-artiste.com\/index.php\/wp-json\/wp\/v2\/pages\/119"}],"collection":[{"href":"https:\/\/schneider-artiste.com\/index.php\/wp-json\/wp\/v2\/pages"}],"about":[{"href":"https:\/\/schneider-artiste.com\/index.php\/wp-json\/wp\/v2\/types\/page"}],"author":[{"embeddable":true,"href":"https:\/\/schneider-artiste.com\/index.php\/wp-json\/wp\/v2\/users\/1"}],"replies":[{"embeddable":true,"href":"https:\/\/schneider-artiste.com\/index.php\/wp-json\/wp\/v2\/comments?post=119"}],"version-history":[{"count":17,"href":"https:\/\/schneider-artiste.com\/index.php\/wp-json\/wp\/v2\/pages\/119\/revisions"}],"predecessor-version":[{"id":590,"href":"https:\/\/schneider-artiste.com\/index.php\/wp-json\/wp\/v2\/pages\/119\/revisions\/590"}],"wp:featuredmedia":[{"embeddable":true,"href":"https:\/\/schneider-artiste.com\/index.php\/wp-json\/wp\/v2\/media\/233"}],"wp:attachment":[{"href":"https:\/\/schneider-artiste.com\/index.php\/wp-json\/wp\/v2\/media?parent=119"}],"curies":[{"name":"wp","href":"https:\/\/api.w.org\/{rel}","templated":true}]}}